{"id":732,"date":"2020-10-28T11:24:33","date_gmt":"2020-10-28T11:24:33","guid":{"rendered":"https:\/\/showeventsmusic.com\/faqs\/"},"modified":"2023-06-13T10:48:57","modified_gmt":"2023-06-13T10:48:57","slug":"faqs","status":"publish","type":"page","link":"https:\/\/showeventsmusic.com\/es\/faqs\/","title":{"rendered":"FAQS"},"content":{"rendered":"<p>[et_pb_section fb_built=\u00bb1&#8243; custom_padding_last_edited=\u00bbon|tablet\u00bb admin_label=\u00bbHero\u00bb _builder_version=\u00bb3.22&#8243; use_background_color_gradient=\u00bbon\u00bb background_color_gradient_start=\u00bb#F0EDEE\u00bb background_color_gradient_end=\u00bb#F9F6F5&#8243; background_color_gradient_direction=\u00bb90deg\u00bb background_color_gradient_start_position=\u00bb65%\u00bb background_color_gradient_end_position=\u00bb0%\u00bb background_size=\u00bbinitial\u00bb background_position=\u00bbtop_left\u00bb background_repeat=\u00bbrepeat\u00bb custom_margin=\u00bb|||\u00bb custom_padding=\u00bb6vw|0px|0px|0px|false|false\u00bb custom_padding_tablet=\u00bb0vw|||\u00bb custom_padding_phone=\u00bb\u00bb locked=\u00bboff\u00bb][et_pb_row column_structure=\u00bb1_2,1_2&#8243; make_equal=\u00bbon\u00bb disabled_on=\u00bboff|off|off\u00bb _builder_version=\u00bb4.6.6&#8243; width=\u00bb100%\u00bb max_width=\u00bb100%\u00bb custom_padding=\u00bb0px|0px|0px|0px|true|true\u00bb use_custom_width=\u00bbon\u00bb width_unit=\u00bboff\u00bb custom_width_percent=\u00bb100%\u00bb][et_pb_column type=\u00bb1_2&#8243; _builder_version=\u00bb4.6.6&#8243; use_background_color_gradient=\u00bbon\u00bb background_color_gradient_start=\u00bbrgba(222,213,216,0.1)\u00bb background_color_gradient_end=\u00bbrgba(222,213,216,0.7)\u00bb background_color_gradient_direction=\u00bb30deg\u00bb background_color_gradient_overlays_image=\u00bbon\u00bb background_image=\u00bbhttps:\/\/showeventsmusic.com\/wp-content\/uploads\/2021\/05\/20180609_015053_525_img_5528-1024&#215;576-1.jpg\u00bb custom_padding=\u00bb|||\u00bb custom_padding__hover=\u00bb|||\u00bb][et_pb_divider show_divider=\u00bboff\u00bb _builder_version=\u00bb3.7&#8243; height=\u00bb20vw\u00bb][\/et_pb_divider][\/et_pb_column][et_pb_column type=\u00bb1_2&#8243; _builder_version=\u00bb3.25&#8243; custom_padding=\u00bb10vw||10vw|\u00bb custom_padding_tablet=\u00bb|10%||10%||true\u00bb custom_padding_phone=\u00bb\u00bb custom_padding_last_edited=\u00bbon|tablet\u00bb padding_tablet=\u00bb|10%||10%||true\u00bb padding_last_edited=\u00bbon|tablet\u00bb custom_padding__hover=\u00bb|||\u00bb][et_pb_text _builder_version=\u00bb4.6.6&#8243; text_font=\u00bbCormorant||||||||\u00bb text_font_size=\u00bb16px\u00bb text_line_height=\u00bb2em\u00bb header_font=\u00bbCormorant|500||on|||||\u00bb header_text_align=\u00bbcenter\u00bb header_font_size=\u00bb4vw\u00bb header_letter_spacing=\u00bb0.05em\u00bb header_line_height=\u00bb1.2em\u00bb header_5_font=\u00bbKarla|700||on|||||\u00bb header_5_text_color=\u00bb#e9e0d1&#8243; header_5_font_size=\u00bb26px\u00bb header_5_letter_spacing=\u00bb10px\u00bb header_5_line_height=\u00bb1.4em\u00bb header_6_font=\u00bbKarla|700||on|||||\u00bb header_6_text_color=\u00bb#8c968e\u00bb header_6_font_size=\u00bb16px\u00bb header_6_letter_spacing=\u00bb5px\u00bb header_6_line_height=\u00bb1.5em\u00bb text_orientation=\u00bbright\u00bb custom_margin=\u00bb|10vw|10vw|-20vw\u00bb custom_margin_tablet=\u00bb|0%||0%||true\u00bb custom_margin_phone=\u00bb|||\u00bb custom_margin_last_edited=\u00bbon|tablet\u00bb custom_padding=\u00bb|||\u00bb animation_style=\u00bbslide\u00bb animation_direction=\u00bbleft\u00bb animation_intensity_slide=\u00bb2%\u00bb header_font_size_tablet=\u00bb70px\u00bb header_font_size_phone=\u00bb25px\u00bb header_font_size_last_edited=\u00bbon|phone\u00bb header_line_height_tablet=\u00bb\u00bb header_line_height_phone=\u00bb1.5em\u00bb header_line_height_last_edited=\u00bbon|phone\u00bb header_5_font_size_tablet=\u00bb\u00bb header_5_font_size_phone=\u00bb18px\u00bb header_5_font_size_last_edited=\u00bbon|phone\u00bb locked=\u00bboff\u00bb]<\/p>\n<h1><strong>Preguntas m\u00e1s frecuentes | FAQS<\/strong><\/h1>\n<p>[\/et_pb_text][et_pb_button button_url=\u00bbhttps:\/\/showeventsmusic.com\/es\/contacto\/\u00bb button_text=\u00bbContacta\u00bb button_alignment=\u00bbcenter\u00bb _builder_version=\u00bb4.6.6&#8243; _module_preset=\u00bbdefault\u00bb custom_button=\u00bbon\u00bb button_text_size=\u00bb26px\u00bb button_text_color=\u00bb#8c968e\u00bb button_border_width=\u00bb4px\u00bb button_border_color=\u00bb#8c968e\u00bb button_border_radius=\u00bb15px\u00bb button_letter_spacing=\u00bb9px\u00bb button_font=\u00bbCormorant|700||on|||||\u00bb locked=\u00bboff\u00bb][\/et_pb_button][\/et_pb_column][\/et_pb_row][\/et_pb_section][et_pb_section fb_built=\u00bb1&#8243; admin_label=\u00bbsection\u00bb _builder_version=\u00bb3.22&#8243;][et_pb_row column_structure=\u00bb3_5,2_5&#8243; admin_label=\u00bbrow\u00bb _builder_version=\u00bb3.25&#8243; background_size=\u00bbinitial\u00bb background_position=\u00bbtop_left\u00bb background_repeat=\u00bbrepeat\u00bb][et_pb_column type=\u00bb3_5&#8243; _builder_version=\u00bb3.25&#8243; custom_padding=\u00bb|||\u00bb custom_padding__hover=\u00bb|||\u00bb][et_pb_text admin_label=\u00bbText\u00bb _builder_version=\u00bb4.6.6&#8243; text_font=\u00bbKarla||||||||\u00bb text_font_size=\u00bb16px\u00bb text_line_height=\u00bb2em\u00bb header_font=\u00bb||||||||\u00bb header_2_font=\u00bb|||on|||||\u00bb header_4_font=\u00bbOswald|||on|||||\u00bb header_4_font_size=\u00bb30px\u00bb header_4_line_height=\u00bb1.5em\u00bb header_6_font=\u00bbKarla|700||on|||||\u00bb header_6_text_color=\u00bb#8c968e\u00bb header_6_font_size=\u00bb16px\u00bb header_6_letter_spacing=\u00bb1px\u00bb header_6_line_height=\u00bb1.8em\u00bb custom_margin=\u00bb|||\u00bb custom_margin_tablet=\u00bb|||\u00bb custom_margin_phone=\u00bb|||\u00bb custom_margin_last_edited=\u00bbon|desktop\u00bb hover_enabled=\u00bb0&#8243; sticky_enabled=\u00bb0&#8243;]<\/p>\n<h2 style=\"text-align: left;\">Show Events contesta a tus preguntas:<\/h2>\n<h3 style=\"text-align: justify;\"><\/h3>\n<h3 style=\"text-align: justify;\"><strong>\u00bfHasta qu\u00e9 hora os qued\u00e1is?<\/strong><\/h3>\n<p style=\"text-align: justify;\"><!-- \/divi:paragraph --><\/p>\n<p style=\"text-align: justify;\"><!-- divi:quote --><\/p>\n<blockquote class=\"wp-block-quote\">\n<p>Cada evento es totalmente diferente, no siempre terminamos a la misma hora, sino que depende de las horas contratadas y seg\u00fan el pack. No tenemos ning\u00fan problema en hacer horas extras y pueden ser concretadas en el mismo momento de la fiesta. Nos adaptamos a cada situaci\u00f3n.<\/p>\n<\/blockquote>\n<p style=\"text-align: justify;\"><!-- \/divi:quote --><\/p>\n<h3 style=\"text-align: justify;\"><strong><span>\u00bfCu\u00e1ntos miembros del equipo est\u00e1is en un evento?<\/span><\/strong><\/h3>\n<p style=\"text-align: justify;\"><!-- \/divi:paragraph --><\/p>\n<p style=\"text-align: justify;\"><!-- divi:quote --><\/p>\n<blockquote class=\"wp-block-quote\">\n<p>Normalmente, estamos entre dos y tres personas el d\u00eda del evento.<\/p>\n<\/blockquote>\n<p style=\"text-align: justify;\"><!-- \/divi:quote --><\/p>\n<h3 style=\"text-align: justify;\"><strong>\u00bfCon qu\u00e9 antelaci\u00f3n debemos contrataros?<\/strong><\/h3>\n<p style=\"text-align: justify;\"><!-- \/divi:paragraph --><\/p>\n<p style=\"text-align: justify;\"><!-- divi:quote --><\/p>\n<blockquote class=\"wp-block-quote\">\n<p>Tal y como estamos ahora mismo, cuanto antes. Ya que los fines de semana de 2022 los tenemos pr\u00e1cticamente cerrados y las fechas para 2023 est\u00e1n volando. \u00a1Aseg\u00farate con antelaci\u00f3n de la fecha!<\/p>\n<\/blockquote>\n<h3 style=\"text-align: justify;\"><strong>\u00bfOs desplaz\u00e1is fuera de Tarragona?<\/strong><\/h3>\n<blockquote class=\"wp-block-quote\">\n<p>\u00a1Claro que s\u00ed! <strong><a href=\"\/es\/\">Show Events<\/a><\/strong> trabaja por toda Catalu\u00f1a, incluso por la provincia de Huesca.<\/p>\n<\/blockquote>\n<h3 style=\"text-align: justify;\"><strong>\u00bfTiene suplemento el uso de bengalas o confeti?<\/strong><\/h3>\n<blockquote class=\"wp-block-quote\">\n<p>\u00a1No! Cogiendo uno de nuestros dos packs de montaje de eventos, es uno de los efectos que viene incluido.<\/p>\n<\/blockquote>\n<h3 style=\"text-align: justify;\"><strong>\u00bfDispon\u00e9is de grupos de m\u00fasica para el aperitivo?<\/strong><\/h3>\n<blockquote class=\"wp-block-quote\">\n<p>Por supuesto, contamos con m\u00fasica para todas las ocasiones. Diferentes grupos de m\u00fasica de distintos estilos que se adaptan a cualquier momento y pareja. Todos nuestros <strong><a href=\"\/es\/dj-para-eventos-de-empresa-en-tarragona\/\">DJ para bodas<\/a><\/strong> y eventos nos adaptamos al 100%.<\/p>\n<\/blockquote>\n<h3 style=\"text-align: justify;\"><strong>\u00bfCu\u00e1ntas veces qued\u00e1is con la pareja antes del evento?<\/strong><\/h3>\n<blockquote class=\"wp-block-quote\">\n<p style=\"text-align: justify;\">Normalmente, acostumbramos a vernos unas 3-4 veces. Nos gusta que no falte ninguna canci\u00f3n, entradas, diferentes momentos de la boda a gusto de nuestros clientes, etc. Por otro lado, nos gusta tener todo cerrado unas semanas antes de la boda, que ya sabemos que los \u00faltimos d\u00edas son de nervios con los \u00faltimos preparativos.<\/p>\n<\/blockquote>\n<p><!-- \/divi:paragraph --><\/p>\n<p>[\/et_pb_text][\/et_pb_column][et_pb_column type=\u00bb2_5&#8243; _builder_version=\u00bb3.25&#8243; custom_padding=\u00bb|||\u00bb custom_padding__hover=\u00bb|||\u00bb][et_pb_image src=\u00bbhttps:\/\/showeventsmusic.com\/wp-content\/uploads\/2021\/04\/GO_ShowEvents_Show_-6.jpg\u00bb alt=\u00bbdj para eventos en tarragona\u00bb title_text=\u00bbdj para eventos en tarragona\u00bb _builder_version=\u00bb4.6.6&#8243; _module_preset=\u00bbdefault\u00bb custom_margin=\u00bb100px||||false|false\u00bb][\/et_pb_image][et_pb_image src=\u00bbhttps:\/\/showeventsmusic.com\/wp-content\/uploads\/2021\/04\/GO_ShowEvents_Making_-43.jpg\u00bb alt=\u00bbdj para eventos\u00bb title_text=\u00bbdj para eventos\u00bb _builder_version=\u00bb4.6.6&#8243; _module_preset=\u00bbdefault\u00bb][\/et_pb_image][\/et_pb_column][\/et_pb_row][et_pb_row _builder_version=\u00bb4.6.6&#8243; _module_preset=\u00bbdefault\u00bb custom_padding=\u00bb0px|||||\u00bb][et_pb_column type=\u00bb4_4&#8243; _builder_version=\u00bb4.6.6&#8243; _module_preset=\u00bbdefault\u00bb][et_pb_text _builder_version=\u00bb4.6.6&#8243; _module_preset=\u00bbdefault\u00bb text_font=\u00bbKarla||||||||\u00bb text_font_size=\u00bb16px\u00bb text_line_height=\u00bb2em\u00bb header_font=\u00bb||||||||\u00bb header_2_font=\u00bb|||on|||||\u00bb header_4_font=\u00bbOswald|||on|||||\u00bb header_4_font_size=\u00bb30px\u00bb header_4_line_height=\u00bb1.5em\u00bb header_6_font=\u00bbKarla|700||on|||||\u00bb header_6_text_color=\u00bb#8c968e\u00bb header_6_font_size=\u00bb16px\u00bb header_6_letter_spacing=\u00bb1px\u00bb header_6_line_height=\u00bb1.8em\u00bb custom_margin=\u00bb|||\u00bb custom_margin_tablet=\u00bb|||\u00bb custom_margin_phone=\u00bb|||\u00bb custom_margin_last_edited=\u00bbon|desktop\u00bb]<\/p>\n<h3 style=\"text-align: justify;\"><strong>\u00bfC\u00f3mo prepara la lista de m\u00fasica? \u00bfTen\u00e9is en cuenta los gustos de los clientes?<\/strong><\/h3>\n<blockquote class=\"wp-block-quote\">\n<p>Lo primero que tenemos en cuenta a la hora de escoger la m\u00fasica son sus gustos, saber las entradas y salidas, etc. Le entregamos una pauta y trabajamos junto con \u00e9sta seg\u00fan los estilos musicales que tenga.<\/p>\n<\/blockquote>\n<p style=\"text-align: justify;\">Y a la hora de la fiesta, se pueden poner todas aquellas que se deseen con una playlist personalizada. Y, \u00a1de crear el SHOW nos encargamos nosotros!<\/p>\n<p style=\"text-align: justify;\">Si todav\u00eda te quedan preguntas o consultas por responder, \u00a1no dudes en <strong><a href=\"\/es\/contacto\">contactarnos<\/a><\/strong> y estaremos encantados de ayudarte!<\/p>\n<p>[\/et_pb_text][\/et_pb_column][\/et_pb_row][\/et_pb_section]<\/p>\n","protected":false},"excerpt":{"rendered":"<p>[et_pb_section fb_built=\u00bb1&#8243; custom_padding_last_edited=\u00bbon|tablet\u00bb admin_label=\u00bbHero\u00bb _builder_version=\u00bb3.22&#8243; use_background_color_gradient=\u00bbon\u00bb background_color_gradient_start=\u00bb#F0EDEE\u00bb background_color_gradient_end=\u00bb#F9F6F5&#8243; background_color_gradient_direction=\u00bb90deg\u00bb background_color_gradient_start_position=\u00bb65%\u00bb background_color_gradient_end_position=\u00bb0%\u00bb background_size=\u00bbinitial\u00bb background_position=\u00bbtop_left\u00bb background_repeat=\u00bbrepeat\u00bb custom_margin=\u00bb|||\u00bb custom_padding=\u00bb6vw|0px|0px|0px|false|false\u00bb custom_padding_tablet=\u00bb0vw|||\u00bb custom_padding_phone=\u00bb\u00bb locked=\u00bboff\u00bb][et_pb_row column_structure=\u00bb1_2,1_2&#8243; make_equal=\u00bbon\u00bb disabled_on=\u00bboff|off|off\u00bb _builder_version=\u00bb4.6.6&#8243; width=\u00bb100%\u00bb max_width=\u00bb100%\u00bb custom_padding=\u00bb0px|0px|0px|0px|true|true\u00bb use_custom_width=\u00bbon\u00bb width_unit=\u00bboff\u00bb custom_width_percent=\u00bb100%\u00bb][et_pb_column type=\u00bb1_2&#8243; _builder_version=\u00bb4.6.6&#8243; use_background_color_gradient=\u00bbon\u00bb background_color_gradient_start=\u00bbrgba(222,213,216,0.1)\u00bb background_color_gradient_end=\u00bbrgba(222,213,216,0.7)\u00bb background_color_gradient_direction=\u00bb30deg\u00bb background_color_gradient_overlays_image=\u00bbon\u00bb background_image=\u00bbhttps:\/\/showeventsmusic.com\/wp-content\/uploads\/2021\/05\/20180609_015053_525_img_5528-1024&#215;576-1.jpg\u00bb custom_padding=\u00bb|||\u00bb custom_padding__hover=\u00bb|||\u00bb][et_pb_divider show_divider=\u00bboff\u00bb _builder_version=\u00bb3.7&#8243; height=\u00bb20vw\u00bb][\/et_pb_divider][\/et_pb_column][et_pb_column type=\u00bb1_2&#8243; _builder_version=\u00bb3.25&#8243; custom_padding=\u00bb10vw||10vw|\u00bb custom_padding_tablet=\u00bb|10%||10%||true\u00bb custom_padding_phone=\u00bb\u00bb custom_padding_last_edited=\u00bbon|tablet\u00bb padding_tablet=\u00bb|10%||10%||true\u00bb padding_last_edited=\u00bbon|tablet\u00bb custom_padding__hover=\u00bb|||\u00bb][et_pb_text _builder_version=\u00bb4.6.6&#8243; text_font=\u00bbCormorant||||||||\u00bb text_font_size=\u00bb16px\u00bb text_line_height=\u00bb2em\u00bb [&hellip;]<\/p>\n","protected":false},"author":1,"featured_media":733,"parent":0,"menu_order":0,"comment_status":"closed","ping_status":"closed","template":"","meta":{"_et_pb_use_builder":"on","_et_pb_old_content":"<!-- wp:paragraph -->\n<p>This is an example page. It's different from a blog post because it will stay in one place and will show up in your site navigation (in most themes). Most people start with an About page that introduces them to potential site visitors. It might say something like this:<\/p>\n<!-- \/wp:paragraph -->\n\n<!-- wp:quote -->\n<blockquote class=\"wp-block-quote\"><p>Hi there! I'm a bike messenger by day, aspiring actor by night, and this is my website. I live in Los Angeles, have a great dog named Jack, and I like pi&#241;a coladas. (And gettin' caught in the rain.)<\/p><\/blockquote>\n<!-- \/wp:quote -->\n\n<!-- wp:paragraph -->\n<p>...or something like this:<\/p>\n<!-- \/wp:paragraph -->\n\n<!-- wp:quote -->\n<blockquote class=\"wp-block-quote\"><p>The XYZ Doohickey Company was founded in 1971, and has been providing quality doohickeys to the public ever since. Located in Gotham City, XYZ employs over 2,000 people and does all kinds of awesome things for the Gotham community.<\/p><\/blockquote>\n<!-- \/wp:quote -->\n\n<!-- wp:paragraph -->\n<p>As a new WordPress user, you should go to <a href=\"https:\/\/showeventsmusic.com\/wp-admin\/\">your dashboard<\/a> to delete this page and create new pages for your content. Have fun!<\/p>\n<!-- \/wp:paragraph -->","_et_gb_content_width":""},"yoast_head":"<!-- This site is optimized with the Yoast SEO plugin v15.2 - https:\/\/yoast.com\/wordpress\/plugins\/seo\/ -->\n<title>Todas las preguntas m\u00e1s frecuentes - FAQS - Show Events Music<\/title>\n<meta name=\"description\" content=\"Si tienes dudas con el servicio de DJ que ofrecemos, te respondemos a todas las preguntas en formato FAQS. \u00c9chale un vistazo \ud83d\udc40\" \/>\n<meta name=\"robots\" content=\"index, follow, max-snippet:-1, max-image-preview:large, max-video-preview:-1\" \/>\n<link rel=\"canonical\" href=\"https:\/\/showeventsmusic.com\/es\/faqs\/\" \/>\n<meta property=\"og:locale\" content=\"es_ES\" \/>\n<meta property=\"og:type\" content=\"article\" \/>\n<meta property=\"og:title\" content=\"Todas las preguntas m\u00e1s frecuentes - FAQS - Show Events Music\" \/>\n<meta property=\"og:description\" content=\"Si tienes dudas con el servicio de DJ que ofrecemos, te respondemos a todas las preguntas en formato FAQS. \u00c9chale un vistazo \ud83d\udc40\" \/>\n<meta property=\"og:url\" content=\"https:\/\/showeventsmusic.com\/es\/faqs\/\" \/>\n<meta property=\"og:site_name\" content=\"Show Events Music\" \/>\n<meta property=\"article:modified_time\" content=\"2023-06-13T10:48:57+00:00\" \/>\n<meta property=\"og:image\" content=\"https:\/\/showeventsmusic.com\/wp-content\/uploads\/2021\/05\/20180609_015053_525_img_5528-1024x576-1.jpg\" \/>\n\t<meta property=\"og:image:width\" content=\"1024\" \/>\n\t<meta property=\"og:image:height\" content=\"576\" \/>\n<meta name=\"twitter:card\" content=\"summary_large_image\" \/>\n<meta name=\"twitter:label1\" value=\"Escrito por\">\n\t<meta name=\"twitter:data1\" value=\"admin\">\n\t<meta name=\"twitter:label2\" value=\"Tiempo de lectura\">\n\t<meta name=\"twitter:data2\" value=\"5 minutos\">\n<script type=\"application\/ld+json\" class=\"yoast-schema-graph\">{\"@context\":\"https:\/\/schema.org\",\"@graph\":[{\"@type\":\"WebSite\",\"@id\":\"https:\/\/showeventsmusic.com\/#website\",\"url\":\"https:\/\/showeventsmusic.com\/\",\"name\":\"Show Events Music\",\"description\":\"Music your events\",\"potentialAction\":[{\"@type\":\"SearchAction\",\"target\":\"https:\/\/showeventsmusic.com\/?s={search_term_string}\",\"query-input\":\"required name=search_term_string\"}],\"inLanguage\":\"es\"},{\"@type\":\"ImageObject\",\"@id\":\"https:\/\/showeventsmusic.com\/es\/faqs\/#primaryimage\",\"inLanguage\":\"es\",\"url\":\"https:\/\/showeventsmusic.com\/wp-content\/uploads\/2021\/05\/20180609_015053_525_img_5528-1024x576-1.jpg\",\"width\":1024,\"height\":576,\"caption\":\"fotomaton en tarragona\"},{\"@type\":\"WebPage\",\"@id\":\"https:\/\/showeventsmusic.com\/es\/faqs\/#webpage\",\"url\":\"https:\/\/showeventsmusic.com\/es\/faqs\/\",\"name\":\"Todas las preguntas m\\u00e1s frecuentes - FAQS - Show Events Music\",\"isPartOf\":{\"@id\":\"https:\/\/showeventsmusic.com\/#website\"},\"primaryImageOfPage\":{\"@id\":\"https:\/\/showeventsmusic.com\/es\/faqs\/#primaryimage\"},\"datePublished\":\"2020-10-28T11:24:33+00:00\",\"dateModified\":\"2023-06-13T10:48:57+00:00\",\"description\":\"Si tienes dudas con el servicio de DJ que ofrecemos, te respondemos a todas las preguntas en formato FAQS. \\u00c9chale un vistazo \\ud83d\\udc40\",\"inLanguage\":\"es\",\"potentialAction\":[{\"@type\":\"ReadAction\",\"target\":[\"https:\/\/showeventsmusic.com\/es\/faqs\/\"]}]}]}<\/script>\n<!-- \/ Yoast SEO plugin. -->","_links":{"self":[{"href":"https:\/\/showeventsmusic.com\/es\/wp-json\/wp\/v2\/pages\/732"}],"collection":[{"href":"https:\/\/showeventsmusic.com\/es\/wp-json\/wp\/v2\/pages"}],"about":[{"href":"https:\/\/showeventsmusic.com\/es\/wp-json\/wp\/v2\/types\/page"}],"author":[{"embeddable":true,"href":"https:\/\/showeventsmusic.com\/es\/wp-json\/wp\/v2\/users\/1"}],"replies":[{"embeddable":true,"href":"https:\/\/showeventsmusic.com\/es\/wp-json\/wp\/v2\/comments?post=732"}],"version-history":[{"count":3,"href":"https:\/\/showeventsmusic.com\/es\/wp-json\/wp\/v2\/pages\/732\/revisions"}],"predecessor-version":[{"id":842,"href":"https:\/\/showeventsmusic.com\/es\/wp-json\/wp\/v2\/pages\/732\/revisions\/842"}],"wp:featuredmedia":[{"embeddable":true,"href":"https:\/\/showeventsmusic.com\/es\/wp-json\/wp\/v2\/media\/733"}],"wp:attachment":[{"href":"https:\/\/showeventsmusic.com\/es\/wp-json\/wp\/v2\/media?parent=732"}],"curies":[{"name":"wp","href":"https:\/\/api.w.org\/{rel}","templated":true}]}}